{"id":12,"date":"2024-08-29T10:13:00","date_gmt":"2024-08-29T10:13:00","guid":{"rendered":"https:\/\/vortexecho-ai.net\/?page_id=12"},"modified":"2025-12-31T09:51:59","modified_gmt":"2025-12-31T09:51:59","slug":"uber-uns","status":"publish","type":"page","link":"https:\/\/vortexecho-ai.net\/de\/about-us\/","title":{"rendered":"\u00dcber uns"},"content":{"rendered":"<div data-elementor-type=\"wp-page\" data-elementor-id=\"12\" class=\"elementor elementor-12\" data-elementor-post-type=\"page\">\n\t\t\t\t<div class=\"elementor-element elementor-element-a48dbda e-flex e-con-boxed e-con e-parent\" data-id=\"a48dbda\" data-element_type=\"container\" data-e-type=\"container\" data-settings=\"{&quot;background_background&quot;:&quot;classic&quot;}\">\n\t\t\t\t\t<div class=\"e-con-inner\">\n\t\t\t\t<div class=\"elementor-element elementor-element-23fb7d5 elementor-widget elementor-widget-heading\" data-id=\"23fb7d5\" data-element_type=\"widget\" data-e-type=\"widget\" data-widget_type=\"heading.default\">\n\t\t\t\t<div class=\"elementor-widget-container\">\n\t\t\t\t\t<h1 class=\"elementor-heading-title elementor-size-default\">Entdecken Sie Vortex Echo AI<\/h1>\t\t\t\t<\/div>\n\t\t\t\t<\/div>\n\t\t\t\t\t<\/div>\n\t\t\t\t<\/div>\n\t\t<div class=\"elementor-element elementor-element-2bc0a2a e-flex e-con-boxed e-con e-parent\" data-id=\"2bc0a2a\" data-element_type=\"container\" data-e-type=\"container\" data-settings=\"{&quot;background_background&quot;:&quot;classic&quot;}\">\n\t\t\t\t\t<div class=\"e-con-inner\">\n\t\t<div class=\"elementor-element elementor-element-7fa1884 e-con-full e-flex e-con e-child\" data-id=\"7fa1884\" data-element_type=\"container\" data-e-type=\"container\">\n\t\t\t\t<div class=\"elementor-element elementor-element-ad897c3 elementor-widget elementor-widget-heading\" data-id=\"ad897c3\" data-element_type=\"widget\" data-e-type=\"widget\" data-widget_type=\"heading.default\">\n\t\t\t\t<div class=\"elementor-widget-container\">\n\t\t\t\t\t<h2 class=\"elementor-heading-title elementor-size-default\">Die Entstehung von Vortex Echo AI<\/h2>\t\t\t\t<\/div>\n\t\t\t\t<\/div>\n\t\t\t\t<div class=\"elementor-element elementor-element-5cd53aa elementor-widget elementor-widget-text-editor\" data-id=\"5cd53aa\" data-element_type=\"widget\" data-e-type=\"widget\" data-widget_type=\"text-editor.default\">\n\t\t\t\t<div class=\"elementor-widget-container\">\n\t\t\t\t\t\t\t\t\t<p>Im Mittelpunkt von Vortex Echo AI steht ein transformatives Konzept: K\u00fcnstliche Intelligenz zu nutzen, um Finanzbildung f\u00fcr alle zug\u00e4nglich zu machen. Gegr\u00fcndet wurde das Unternehmen von einer Gruppe innovativer Unternehmer, die die Feinheiten der Investmentwelt mit Leidenschaft entschl\u00fcsseln wollten. Ihr Ziel war es, Finanzwissen allgemein zug\u00e4nglich zu machen.<\/p><p>Das Ergebnis ist Vortex Echo AI, eine avantgardistische Plattform, die durch modernste KI-Technologie kostenlosen und sofortigen Zugang zum Bereich der Investitionen bietet.<\/p><p>In einer Branche, die oft als komplex und entmutigend angesehen wird, erweist sich Vortex Echo AI als Pionier der Innovation. Diese Plattform wurde mit der Vision entwickelt, Finanzexpertise nahtlos mit KI-gesteuerter Personalisierung zu integrieren und so den Erwerb von Anlagewissen wie nie zuvor zu vereinfachen.<\/p><p>Vortex Echo AI verbindet den Nervenkitzel der Entdeckung mit fortschrittlicher Technologie und bereitet seine Benutzer darauf vor, selbstbewusst in ihre Investitionsvorhaben einzusteigen, ausgestattet mit den Ressourcen und Erkenntnissen, die ihre Handlungsf\u00e4higkeit f\u00f6rdern.<\/p>\t\t\t\t\t\t\t\t<\/div>\n\t\t\t\t<\/div>\n\t\t\t\t<\/div>\n\t\t<div class=\"elementor-element elementor-element-f75ffb4 e-con-full e-flex e-con e-child\" data-id=\"f75ffb4\" data-element_type=\"container\" data-e-type=\"container\">\n\t\t\t\t<div class=\"elementor-element elementor-element-80a840c elementor-widget elementor-widget-image\" data-id=\"80a840c\" data-element_type=\"widget\" data-e-type=\"widget\" data-widget_type=\"image.default\">\n\t\t\t\t<div class=\"elementor-widget-container\">\n\t\t\t\t\t\t\t\t\t\t\t\t\t\t\t<img fetchpriority=\"high\" decoding=\"async\" width=\"784\" height=\"673\" src=\"https:\/\/vortexecho-ai.net\/wp-content\/uploads\/2024\/08\/phone-footer-mockup-checkout.webp\" class=\"attachment-large size-large wp-image-185\" alt=\"\u00fcber img\" srcset=\"https:\/\/vortexecho-ai.net\/wp-content\/uploads\/2024\/08\/phone-footer-mockup-checkout.webp 784w, https:\/\/vortexecho-ai.net\/wp-content\/uploads\/2024\/08\/phone-footer-mockup-checkout-300x258.webp 300w, https:\/\/vortexecho-ai.net\/wp-content\/uploads\/2024\/08\/phone-footer-mockup-checkout-768x659.webp 768w\" sizes=\"(max-width: 784px) 100vw, 784px\" \/>\t\t\t\t\t\t\t\t\t\t\t\t\t\t\t<\/div>\n\t\t\t\t<\/div>\n\t\t\t\t<\/div>\n\t\t\t\t\t<\/div>\n\t\t\t\t<\/div>\n\t\t<div class=\"elementor-element elementor-element-77bb47f e-flex e-con-boxed e-con e-parent\" data-id=\"77bb47f\" data-element_type=\"container\" data-e-type=\"container\">\n\t\t\t\t\t<div class=\"e-con-inner\">\n\t\t<div class=\"elementor-element elementor-element-ad3792c e-con-full e-flex e-con e-child\" data-id=\"ad3792c\" data-element_type=\"container\" data-e-type=\"container\">\n\t\t\t\t<div class=\"elementor-element elementor-element-768a756 elementor-widget elementor-widget-image\" data-id=\"768a756\" data-element_type=\"widget\" data-e-type=\"widget\" data-widget_type=\"image.default\">\n\t\t\t\t<div class=\"elementor-widget-container\">\n\t\t\t\t\t\t\t\t\t\t\t\t\t\t\t<img decoding=\"async\" width=\"687\" height=\"687\" src=\"https:\/\/vortexecho-ai.net\/wp-content\/uploads\/2025\/11\/Initiating-the-Vortex-Echo-AI-Experience-Our-Mission-Expand_11zon.webp\" class=\"attachment-large size-large wp-image-1068\" alt=\"\" srcset=\"https:\/\/vortexecho-ai.net\/wp-content\/uploads\/2025\/11\/Initiating-the-Vortex-Echo-AI-Experience-Our-Mission-Expand_11zon.webp 687w, https:\/\/vortexecho-ai.net\/wp-content\/uploads\/2025\/11\/Initiating-the-Vortex-Echo-AI-Experience-Our-Mission-Expand_11zon-300x300.webp 300w, https:\/\/vortexecho-ai.net\/wp-content\/uploads\/2025\/11\/Initiating-the-Vortex-Echo-AI-Experience-Our-Mission-Expand_11zon-150x150.webp 150w, https:\/\/vortexecho-ai.net\/wp-content\/uploads\/2025\/11\/Initiating-the-Vortex-Echo-AI-Experience-Our-Mission-Expand_11zon-12x12.webp 12w\" sizes=\"(max-width: 687px) 100vw, 687px\" \/>\t\t\t\t\t\t\t\t\t\t\t\t\t\t\t<\/div>\n\t\t\t\t<\/div>\n\t\t\t\t<\/div>\n\t\t<div class=\"elementor-element elementor-element-f9b9434 e-con-full e-flex e-con e-child\" data-id=\"f9b9434\" data-element_type=\"container\" data-e-type=\"container\">\n\t\t\t\t<div class=\"elementor-element elementor-element-33a1be4 elementor-widget elementor-widget-heading\" data-id=\"33a1be4\" data-element_type=\"widget\" data-e-type=\"widget\" data-widget_type=\"heading.default\">\n\t\t\t\t<div class=\"elementor-widget-container\">\n\t\t\t\t\t<h2 class=\"elementor-heading-title elementor-size-default\">Einf\u00fchrung der Vortex Echo AI Experience: Unsere Mission erweitert sich<\/h2>\t\t\t\t<\/div>\n\t\t\t\t<\/div>\n\t\t\t\t<div class=\"elementor-element elementor-element-54bee56 elementor-widget elementor-widget-text-editor\" data-id=\"54bee56\" data-element_type=\"widget\" data-e-type=\"widget\" data-widget_type=\"text-editor.default\">\n\t\t\t\t<div class=\"elementor-widget-container\">\n\t\t\t\t\t\t\t\t\t<p>Schon immer neugierig auf die Reise, die Vortex Echo AI zu einer erstklassigen Plattform gemacht hat?<\/p><p>Vortex Echo AI entstand aus der Notwendigkeit heraus, aus der \u00dcberzeugung heraus, dass Finanzbildung allgemein zug\u00e4nglich sein sollte. Die Gr\u00fcnder erkannten den dringenden Bedarf an einer Plattform, die den Zugang zu Finanzbildung demokratisieren und mithilfe von KI einen Weg des Wissens ebnen k\u00f6nnte.<\/p><p>Vortex Echo AI ist mehr als nur eine Plattform; es ist eine florierende Community von Lernenden, ein Zentrum f\u00fcr den Wissensaustausch, der es jedem erm\u00f6glicht, die Kunst des Investierens zu meistern.<\/p><p>Durch die Integration von KI erm\u00f6glicht Vortex Echo AI ma\u00dfgeschneiderte Lernerlebnisse, bietet Benutzern eine erstklassige Finanzbildung und f\u00f6rdert ein tiefes, umfassendes Verst\u00e4ndnis von Anlagestrategien.<\/p>\t\t\t\t\t\t\t\t<\/div>\n\t\t\t\t<\/div>\n\t\t\t\t<\/div>\n\t\t\t\t\t<\/div>\n\t\t\t\t<\/div>\n\t\t<div class=\"elementor-element elementor-element-f8d5ded e-flex e-con-boxed e-con e-parent\" data-id=\"f8d5ded\" data-element_type=\"container\" data-e-type=\"container\">\n\t\t\t\t\t<div class=\"e-con-inner\">\n\t\t<div class=\"elementor-element elementor-element-ef2d3b5 e-con-full e-flex e-con e-child\" data-id=\"ef2d3b5\" data-element_type=\"container\" data-e-type=\"container\">\n\t\t\t\t<div class=\"elementor-element elementor-element-d1a97c8 elementor-widget elementor-widget-heading\" data-id=\"d1a97c8\" data-element_type=\"widget\" data-e-type=\"widget\" data-widget_type=\"heading.default\">\n\t\t\t\t<div class=\"elementor-widget-container\">\n\t\t\t\t\t<h2 class=\"elementor-heading-title elementor-size-default\">Antrieb f\u00fcr die KI-Revolution von Vortex Echo<\/h2>\t\t\t\t<\/div>\n\t\t\t\t<\/div>\n\t\t\t\t<div class=\"elementor-element elementor-element-63fe46f elementor-widget elementor-widget-text-editor\" data-id=\"63fe46f\" data-element_type=\"widget\" data-e-type=\"widget\" data-widget_type=\"text-editor.default\">\n\t\t\t\t<div class=\"elementor-widget-container\">\n\t\t\t\t\t\t\t\t\t<p>Die Entstehung von Vortex Echo AI basierte auf dem Wunsch, den Lernprozess im Bereich Investitionen f\u00fcr ein weltweites Publikum zu optimieren. Angesichts der Hindernisse beim Zugang zu fundierter Finanzberatung wurde die Plattform als Mittel zur St\u00e4rkung der Lernenden konzipiert.<\/p><p>Vortex Echo AI stellt einen bedeutenden Fortschritt in der Finanzbildung dar und bietet ein innovatives, benutzerfreundliches Portal zur Beherrschung der Finanzm\u00e4rkte, das sowohl auf Anf\u00e4nger als auch auf erfahrene Anleger zugeschnitten ist.<\/p>\t\t\t\t\t\t\t\t<\/div>\n\t\t\t\t<\/div>\n\t\t\t\t<\/div>\n\t\t<div class=\"elementor-element elementor-element-bc7837b e-con-full e-flex e-con e-child\" data-id=\"bc7837b\" data-element_type=\"container\" data-e-type=\"container\">\n\t\t\t\t<div class=\"elementor-element elementor-element-220ef87 elementor-widget elementor-widget-image\" data-id=\"220ef87\" data-element_type=\"widget\" data-e-type=\"widget\" data-widget_type=\"image.default\">\n\t\t\t\t<div class=\"elementor-widget-container\">\n\t\t\t\t\t\t\t\t\t\t\t\t\t\t\t<img decoding=\"async\" width=\"780\" height=\"780\" src=\"https:\/\/vortexecho-ai.net\/wp-content\/uploads\/2025\/11\/Fueling-the-Vortex-Echo-AI-Revolution_11zon.webp\" class=\"attachment-large size-large wp-image-1069\" alt=\"\" srcset=\"https:\/\/vortexecho-ai.net\/wp-content\/uploads\/2025\/11\/Fueling-the-Vortex-Echo-AI-Revolution_11zon.webp 780w, https:\/\/vortexecho-ai.net\/wp-content\/uploads\/2025\/11\/Fueling-the-Vortex-Echo-AI-Revolution_11zon-300x300.webp 300w, https:\/\/vortexecho-ai.net\/wp-content\/uploads\/2025\/11\/Fueling-the-Vortex-Echo-AI-Revolution_11zon-150x150.webp 150w, https:\/\/vortexecho-ai.net\/wp-content\/uploads\/2025\/11\/Fueling-the-Vortex-Echo-AI-Revolution_11zon-768x768.webp 768w, https:\/\/vortexecho-ai.net\/wp-content\/uploads\/2025\/11\/Fueling-the-Vortex-Echo-AI-Revolution_11zon-12x12.webp 12w\" sizes=\"(max-width: 780px) 100vw, 780px\" \/>\t\t\t\t\t\t\t\t\t\t\t\t\t\t\t<\/div>\n\t\t\t\t<\/div>\n\t\t\t\t<\/div>\n\t\t\t\t\t<\/div>\n\t\t\t\t<\/div>\n\t\t\t\t<\/div>","protected":false},"excerpt":{"rendered":"<p>Explore Vortex Echo AI The Genesis of Vortex Echo AI At the core of Vortex Echo AI is a transformative concept: leveraging artificial intelligence to make financial education accessible to all. Founded by a group of innovative entrepreneurs passionate about unraveling the intricacies of the investment world, their goal was to make financial wisdom universally [&hellip;]<\/p>\n","protected":false},"author":1,"featured_media":0,"parent":0,"menu_order":0,"comment_status":"closed","ping_status":"closed","template":"elementor_header_footer","meta":{"footnotes":""},"class_list":["post-12","page","type-page","status-publish","hentry"],"_links":{"self":[{"href":"https:\/\/vortexecho-ai.net\/de\/wp-json\/wp\/v2\/pages\/12","targetHints":{"allow":["GET"]}}],"collection":[{"href":"https:\/\/vortexecho-ai.net\/de\/wp-json\/wp\/v2\/pages"}],"about":[{"href":"https:\/\/vortexecho-ai.net\/de\/wp-json\/wp\/v2\/types\/page"}],"author":[{"embeddable":true,"href":"https:\/\/vortexecho-ai.net\/de\/wp-json\/wp\/v2\/users\/1"}],"replies":[{"embeddable":true,"href":"https:\/\/vortexecho-ai.net\/de\/wp-json\/wp\/v2\/comments?post=12"}],"version-history":[{"count":79,"href":"https:\/\/vortexecho-ai.net\/de\/wp-json\/wp\/v2\/pages\/12\/revisions"}],"predecessor-version":[{"id":1327,"href":"https:\/\/vortexecho-ai.net\/de\/wp-json\/wp\/v2\/pages\/12\/revisions\/1327"}],"wp:attachment":[{"href":"https:\/\/vortexecho-ai.net\/de\/wp-json\/wp\/v2\/media?parent=12"}],"curies":[{"name":"wp","href":"https:\/\/api.w.org\/{rel}","templated":true}]}}