{"id":20,"date":"2024-08-29T10:17:32","date_gmt":"2024-08-29T10:17:32","guid":{"rendered":"https:\/\/vortexecho-ai.net\/?page_id=20"},"modified":"2025-12-31T10:52:46","modified_gmt":"2025-12-31T10:52:46","slug":"datenschutz","status":"publish","type":"page","link":"https:\/\/vortexecho-ai.net\/de\/privacy-policy\/","title":{"rendered":"Datenschutzrichtlinie"},"content":{"rendered":"<div data-elementor-type=\"wp-page\" data-elementor-id=\"20\" class=\"elementor elementor-20\" data-elementor-post-type=\"page\">\n\t\t\t\t<div class=\"elementor-element elementor-element-2e75f0f e-flex e-con-boxed e-con e-parent\" data-id=\"2e75f0f\" data-element_type=\"container\" data-e-type=\"container\" data-settings=\"{&quot;background_background&quot;:&quot;classic&quot;}\">\n\t\t\t\t\t<div class=\"e-con-inner\">\n\t\t\t\t<div class=\"elementor-element elementor-element-ffd257e elementor-widget elementor-widget-heading\" data-id=\"ffd257e\" data-element_type=\"widget\" data-e-type=\"widget\" data-widget_type=\"heading.default\">\n\t\t\t\t<div class=\"elementor-widget-container\">\n\t\t\t\t\t<h1 class=\"elementor-heading-title elementor-size-default\">DATENSCHUTZERKL\u00c4RUNG<\/h1>\t\t\t\t<\/div>\n\t\t\t\t<\/div>\n\t\t\t\t\t<\/div>\n\t\t\t\t<\/div>\n\t\t<div class=\"elementor-element elementor-element-e453bc7 e-flex e-con-boxed e-con e-parent\" data-id=\"e453bc7\" data-element_type=\"container\" data-e-type=\"container\" data-settings=\"{&quot;background_background&quot;:&quot;classic&quot;}\">\n\t\t\t\t\t<div class=\"e-con-inner\">\n\t\t\t\t<div class=\"elementor-element elementor-element-b786ccf elementor-widget elementor-widget-heading\" data-id=\"b786ccf\" data-element_type=\"widget\" data-e-type=\"widget\" data-widget_type=\"heading.default\">\n\t\t\t\t<div class=\"elementor-widget-container\">\n\t\t\t\t\t<h2 class=\"elementor-heading-title elementor-size-default\">Datenerfassung<\/h2>\t\t\t\t<\/div>\n\t\t\t\t<\/div>\n\t\t\t\t<div class=\"elementor-element elementor-element-c7496b8 elementor-widget elementor-widget-text-editor\" data-id=\"c7496b8\" data-element_type=\"widget\" data-e-type=\"widget\" data-widget_type=\"text-editor.default\">\n\t\t\t\t<div class=\"elementor-widget-container\">\n\t\t\t\t\t\t\t\t\t<p>Ihre personenbezogenen Daten werden haupts\u00e4chlich auf zwei Arten erhoben:<\/p><ul><li>Direkt von Ihnen, wenn Sie Ihre Informationen auf unserer Site \u00fcbermitteln.<\/li><li>Indirekt durch:<ul><li>Dienste Dritter, die Ihre Daten an uns \u00fcbermitteln,<\/li><li>Analysen, die aus Ihrer Nutzung unserer Website abgeleitet und durch Cookies oder \u00e4hnliche Tracking-Technologien gesammelt werden. Weitere Einzelheiten finden Sie in unserer Cookie-Richtlinie.<\/li><\/ul><\/li><\/ul><p>Die Angabe Ihrer personenbezogenen Daten ist optional, kann jedoch f\u00fcr die Nutzung unseres gesamten Leistungsangebots erforderlich sein.<\/p>\t\t\t\t\t\t\t\t<\/div>\n\t\t\t\t<\/div>\n\t\t\t\t<div class=\"elementor-element elementor-element-bd212b1 elementor-widget elementor-widget-heading\" data-id=\"bd212b1\" data-element_type=\"widget\" data-e-type=\"widget\" data-widget_type=\"heading.default\">\n\t\t\t\t<div class=\"elementor-widget-container\">\n\t\t\t\t\t<h2 class=\"elementor-heading-title elementor-size-default\">Verarbeitungst\u00e4tigkeiten<\/h2>\t\t\t\t<\/div>\n\t\t\t\t<\/div>\n\t\t\t\t<div class=\"elementor-element elementor-element-4c36acd elementor-widget elementor-widget-text-editor\" data-id=\"4c36acd\" data-element_type=\"widget\" data-e-type=\"widget\" data-widget_type=\"text-editor.default\">\n\t\t\t\t<div class=\"elementor-widget-container\">\n\t\t\t\t\t\t\t\t\t<p>Wir nutzen Ihre personenbezogenen Daten, um:<\/p>\t\t\t\t\t\t\t\t<\/div>\n\t\t\t\t<\/div>\n\t\t\t\t<div class=\"elementor-element elementor-element-7cb7071 elementor-widget elementor-widget-heading\" data-id=\"7cb7071\" data-element_type=\"widget\" data-e-type=\"widget\" data-widget_type=\"heading.default\">\n\t\t\t\t<div class=\"elementor-widget-container\">\n\t\t\t\t\t<h2 class=\"elementor-heading-title elementor-size-default\">Ihre Datenschutzrechte<\/h2>\t\t\t\t<\/div>\n\t\t\t\t<\/div>\n\t\t\t\t<div class=\"elementor-element elementor-element-31cb140 elementor-widget elementor-widget-text-editor\" data-id=\"31cb140\" data-element_type=\"widget\" data-e-type=\"widget\" data-widget_type=\"text-editor.default\">\n\t\t\t\t<div class=\"elementor-widget-container\">\n\t\t\t\t\t\t\t\t\t<p>Sie haben das Recht:<\/p><ol><li>Greifen Sie auf Anfrage auf Ihre Daten zu und rufen Sie eine Kopie davon ab.<\/li><li>Korrigieren Sie falsche oder unvollst\u00e4ndige Daten.<\/li><li>L\u00f6schen Sie Ihre Daten unter bestimmten Umst\u00e4nden.<\/li><li>Die Verarbeitung Ihrer Daten kann eingeschr\u00e4nkt oder ihr widersprochen werden.<\/li><li>Erhalten Sie Ihre Daten in einem \u00fcbertragbaren Format.<\/li><li>Widerrufen Sie Ihre Einwilligung jederzeit, wenn die Verarbeitung auf Ihrer Einwilligung beruht.<\/li><\/ol><p>Hinweis: Diese Rechte unterliegen bestimmten beh\u00f6rdlichen Einschr\u00e4nkungen und Ausnahmen.<\/p><p>F\u00fcr Anfragen oder zur Aus\u00fcbung Ihrer Rechte in Bezug auf unsere Datenschutzpraktiken kontaktieren Sie uns bitte per E-Mail unter\u00a0<a href=\"mailto:info@vortexecho-ai.pro\">info@vortexecho-ai.pro<\/a><\/p><p>Sie sind auch berechtigt, eine Beschwerde bei einer Aufsichtsbeh\u00f6rde einzureichen, beispielsweise bei der CNIL in Frankreich.<\/p>\t\t\t\t\t\t\t\t<\/div>\n\t\t\t\t<\/div>\n\t\t\t\t<div class=\"elementor-element elementor-element-4775a21 elementor-widget elementor-widget-heading\" data-id=\"4775a21\" data-element_type=\"widget\" data-e-type=\"widget\" data-widget_type=\"heading.default\">\n\t\t\t\t<div class=\"elementor-widget-container\">\n\t\t\t\t\t<h2 class=\"elementor-heading-title elementor-size-default\">Weitergabe Ihrer Daten<\/h2>\t\t\t\t<\/div>\n\t\t\t\t<\/div>\n\t\t\t\t<div class=\"elementor-element elementor-element-eb85df3 elementor-widget elementor-widget-text-editor\" data-id=\"eb85df3\" data-element_type=\"widget\" data-e-type=\"widget\" data-widget_type=\"text-editor.default\">\n\t\t\t\t<div class=\"elementor-widget-container\">\n\t\t\t\t\t\t\t\t\t<p>Wir geben Ihre Informationen m\u00f6glicherweise weiter:<\/p><ul><li>Innerhalb unserer Organisation f\u00fcr Verwaltungszwecke;<\/li><li>Mit Partnern, mit Ihrer Zustimmung, um Ihnen relevante Angebote zu unterbreiten;<\/li><li>Mit Dienstleistern f\u00fcr betriebliche Zwecke;<\/li><li>Mit Regierungs- oder Aufsichtsbeh\u00f6rden, soweit gesetzlich vorgeschrieben.<\/li><\/ul>\t\t\t\t\t\t\t\t<\/div>\n\t\t\t\t<\/div>\n\t\t\t\t<div class=\"elementor-element elementor-element-95d4ce7 elementor-widget elementor-widget-heading\" data-id=\"95d4ce7\" data-element_type=\"widget\" data-e-type=\"widget\" data-widget_type=\"heading.default\">\n\t\t\t\t<div class=\"elementor-widget-container\">\n\t\t\t\t\t<h2 class=\"elementor-heading-title elementor-size-default\">Internationale \u00dcbermittlungen<\/h2>\t\t\t\t<\/div>\n\t\t\t\t<\/div>\n\t\t\t\t<div class=\"elementor-element elementor-element-be6d118 elementor-widget elementor-widget-text-editor\" data-id=\"be6d118\" data-element_type=\"widget\" data-e-type=\"widget\" data-widget_type=\"text-editor.default\">\n\t\t\t\t<div class=\"elementor-widget-container\">\n\t\t\t\t\t\t\t\t\t<p>Ihre Daten k\u00f6nnen au\u00dferhalb des EWR verarbeitet werden. Wir stellen sicher, dass solche \u00dcbertragungen den gesetzlichen Standards entsprechen.<\/p>\t\t\t\t\t\t\t\t<\/div>\n\t\t\t\t<\/div>\n\t\t\t\t<div class=\"elementor-element elementor-element-775972b elementor-widget elementor-widget-heading\" data-id=\"775972b\" data-element_type=\"widget\" data-e-type=\"widget\" data-widget_type=\"heading.default\">\n\t\t\t\t<div class=\"elementor-widget-container\">\n\t\t\t\t\t<h2 class=\"elementor-heading-title elementor-size-default\">Verstehen Sie Ihren Datenschutz<\/h2>\t\t\t\t<\/div>\n\t\t\t\t<\/div>\n\t\t\t\t<div class=\"elementor-element elementor-element-4e9a010 elementor-widget elementor-widget-text-editor\" data-id=\"4e9a010\" data-element_type=\"widget\" data-e-type=\"widget\" data-widget_type=\"text-editor.default\">\n\t\t\t\t<div class=\"elementor-widget-container\">\n\t\t\t\t\t\t\t\t\t<p>At <strong>Vortex Echo AI<\/strong>, we are dedicated to clarity and empowering you to manage your personal data. This Data Privacy Notice is designed to offer you a thorough understanding of our data handling procedures, our commitment to protecting your privacy, and your rights concerning your personal data.<\/p>\t\t\t\t\t\t\t\t<\/div>\n\t\t\t\t<\/div>\n\t\t\t\t<div class=\"elementor-element elementor-element-1e24404 elementor-widget elementor-widget-heading\" data-id=\"1e24404\" data-element_type=\"widget\" data-e-type=\"widget\" data-widget_type=\"heading.default\">\n\t\t\t\t<div class=\"elementor-widget-container\">\n\t\t\t\t\t<h2 class=\"elementor-heading-title elementor-size-default\">Mehr M\u00f6glichkeiten beim Datenschutz<\/h2>\t\t\t\t<\/div>\n\t\t\t\t<\/div>\n\t\t\t\t<div class=\"elementor-element elementor-element-0095cea elementor-widget elementor-widget-text-editor\" data-id=\"0095cea\" data-element_type=\"widget\" data-e-type=\"widget\" data-widget_type=\"text-editor.default\">\n\t\t\t\t<div class=\"elementor-widget-container\">\n\t\t\t\t\t\t\t\t\t<p>Die Anerkennung Ihrer Rechte ist f\u00fcr den Schutz Ihrer Privatsph\u00e4re von entscheidender Bedeutung. Wir empfehlen Ihnen, diese Mitteilung sorgf\u00e4ltig durchzulesen und sich bei Fragen oder zur Aus\u00fcbung Ihrer Rechte an uns zu wenden. Ihr Vertrauen ist f\u00fcr unsere Mission, erstklassige, KI-gest\u00fctzte Investmentausbildung anzubieten, von entscheidender Bedeutung.<\/p>\t\t\t\t\t\t\t\t<\/div>\n\t\t\t\t<\/div>\n\t\t\t\t<div class=\"elementor-element elementor-element-9900dd0 elementor-widget elementor-widget-heading\" data-id=\"9900dd0\" data-element_type=\"widget\" data-e-type=\"widget\" data-widget_type=\"heading.default\">\n\t\t\t\t<div class=\"elementor-widget-container\">\n\t\t\t\t\t<h2 class=\"elementor-heading-title elementor-size-default\">Kontakt<\/h2>\t\t\t\t<\/div>\n\t\t\t\t<\/div>\n\t\t\t\t<div class=\"elementor-element elementor-element-13f12f1 elementor-widget elementor-widget-text-editor\" data-id=\"13f12f1\" data-element_type=\"widget\" data-e-type=\"widget\" data-widget_type=\"text-editor.default\">\n\t\t\t\t<div class=\"elementor-widget-container\">\n\t\t\t\t\t\t\t\t\t<p>Sollten Sie Fragen oder Bedenken zu dieser Mitteilung oder Ihren personenbezogenen Daten haben oder Ihre Rechte aus\u00fcben wollen, kontaktieren Sie uns bitte unverz\u00fcglich unter \u00a0<span style=\"color: #ff9900;\"><strong><a style=\"color: #ff9900;\" href=\"mailto:info@vortexecho-ai.pro\">info@vortexecho-ai.pro<\/a><\/strong><\/span>\u00a0Our dedicated support team is ready to help you with any inquiries.<\/p><p>We appreciate your trust in <strong>Vortex Echo AI<\/strong> as your partner in AI-powered investment education. Together, we are defining new benchmarks for privacy and user empowerment in the digital era.<\/p>\t\t\t\t\t\t\t\t<\/div>\n\t\t\t\t<\/div>\n\t\t\t\t\t<\/div>\n\t\t\t\t<\/div>\n\t\t\t\t<\/div>","protected":false},"excerpt":{"rendered":"<p>DATA PRIVACY NOTICE Data Collection Your personal data is collected in two primary ways: Directly from you when you submit your information on our Site. Indirectly through: third-party services that communicate your information to us, analytics derived from your usage of our site, gathered through cookies or similar tracking technologies. Further details are available in [&hellip;]<\/p>\n","protected":false},"author":1,"featured_media":0,"parent":0,"menu_order":0,"comment_status":"closed","ping_status":"closed","template":"elementor_header_footer","meta":{"footnotes":""},"class_list":["post-20","page","type-page","status-publish","hentry"],"_links":{"self":[{"href":"https:\/\/vortexecho-ai.net\/de\/wp-json\/wp\/v2\/pages\/20","targetHints":{"allow":["GET"]}}],"collection":[{"href":"https:\/\/vortexecho-ai.net\/de\/wp-json\/wp\/v2\/pages"}],"about":[{"href":"https:\/\/vortexecho-ai.net\/de\/wp-json\/wp\/v2\/types\/page"}],"author":[{"embeddable":true,"href":"https:\/\/vortexecho-ai.net\/de\/wp-json\/wp\/v2\/users\/1"}],"replies":[{"embeddable":true,"href":"https:\/\/vortexecho-ai.net\/de\/wp-json\/wp\/v2\/comments?post=20"}],"version-history":[{"count":50,"href":"https:\/\/vortexecho-ai.net\/de\/wp-json\/wp\/v2\/pages\/20\/revisions"}],"predecessor-version":[{"id":1372,"href":"https:\/\/vortexecho-ai.net\/de\/wp-json\/wp\/v2\/pages\/20\/revisions\/1372"}],"wp:attachment":[{"href":"https:\/\/vortexecho-ai.net\/de\/wp-json\/wp\/v2\/media?parent=20"}],"curies":[{"name":"wp","href":"https:\/\/api.w.org\/{rel}","templated":true}]}}